{"id":47,"date":"2019-01-25T16:03:32","date_gmt":"2019-01-25T16:03:32","guid":{"rendered":"https:\/\/themes.muffingroup.com\/be\/carpenter4\/?page_id=15"},"modified":"2020-03-30T10:34:09","modified_gmt":"2020-03-30T10:34:09","slug":"urunler","status":"publish","type":"page","link":"https:\/\/beyzaorme.com\/index.php\/urunler\/","title":{"rendered":"\u00dcr\u00fcnler"},"content":{"rendered":"<p><!--[CDATA[]]--><\/p>\n","protected":false},"excerpt":{"rendered":"<p>\t\t\t\t<![CDATA[]]>\t\t<\/p>\n","protected":false},"author":1,"featured_media":0,"parent":0,"menu_order":0,"comment_status":"closed","ping_status":"closed","template":"","meta":{"rs_blank_template":"","rs_page_bg_color":"","slide_template_v7":"","footnotes":""},"class_list":["post-47","page","type-page","status-publish","hentry"],"yoast_head":"<!-- This site is optimized with the Yoast SEO plugin v27.2 - https:\/\/yoast.com\/product\/yoast-seo-wordpress\/ -->\n<title>\u00dcr\u00fcnler - Beyza &Ouml;rme Kuma\u015f<\/title>\n<meta name=\"robots\" content=\"index, follow, max-snippet:-1, max-image-preview:large, max-video-preview:-1\" \/>\n<link rel=\"canonical\" href=\"https:\/\/beyzaorme.com\/index.php\/urunler\/\" \/>\n<meta property=\"og:locale\" content=\"tr_TR\" \/>\n<meta property=\"og:type\" content=\"article\" \/>\n<meta property=\"og:title\" content=\"\u00dcr\u00fcnler - Beyza &Ouml;rme Kuma\u015f\" \/>\n<meta property=\"og:url\" content=\"https:\/\/beyzaorme.com\/index.php\/urunler\/\" \/>\n<meta property=\"og:site_name\" content=\"Beyza &Ouml;rme Kuma\u015f\" \/>\n<meta property=\"article:publisher\" content=\"https:\/\/www.facebook.com\/beyzaorme\" \/>\n<meta property=\"article:modified_time\" content=\"2020-03-30T10:34:09+00:00\" \/>\n<meta name=\"twitter:card\" content=\"summary_large_image\" \/>\n<meta name=\"twitter:site\" content=\"@beyzaorme\" \/>\n<script type=\"application\/ld+json\" class=\"yoast-schema-graph\">{\"@context\":\"https:\/\/schema.org\",\"@graph\":[{\"@type\":\"WebPage\",\"@id\":\"https:\/\/beyzaorme.com\/index.php\/urunler\/\",\"url\":\"https:\/\/beyzaorme.com\/index.php\/urunler\/\",\"name\":\"\u00dcr\u00fcnler - Beyza &Ouml;rme Kuma\u015f\",\"isPartOf\":{\"@id\":\"https:\/\/beyzaorme.com\/#website\"},\"datePublished\":\"2019-01-25T16:03:32+00:00\",\"dateModified\":\"2020-03-30T10:34:09+00:00\",\"breadcrumb\":{\"@id\":\"https:\/\/beyzaorme.com\/index.php\/urunler\/#breadcrumb\"},\"inLanguage\":\"tr\",\"potentialAction\":[{\"@type\":\"ReadAction\",\"target\":[\"https:\/\/beyzaorme.com\/index.php\/urunler\/\"]}]},{\"@type\":\"BreadcrumbList\",\"@id\":\"https:\/\/beyzaorme.com\/index.php\/urunler\/#breadcrumb\",\"itemListElement\":[{\"@type\":\"ListItem\",\"position\":1,\"name\":\"Ana sayfa\",\"item\":\"https:\/\/beyzaorme.com\/\"},{\"@type\":\"ListItem\",\"position\":2,\"name\":\"\u00dcr\u00fcnler\"}]},{\"@type\":\"WebSite\",\"@id\":\"https:\/\/beyzaorme.com\/#website\",\"url\":\"https:\/\/beyzaorme.com\/\",\"name\":\"Beyza \u00d6rme Kuma\u015f\",\"description\":\"\",\"publisher\":{\"@id\":\"https:\/\/beyzaorme.com\/#organization\"},\"potentialAction\":[{\"@type\":\"SearchAction\",\"target\":{\"@type\":\"EntryPoint\",\"urlTemplate\":\"https:\/\/beyzaorme.com\/?s={search_term_string}\"},\"query-input\":{\"@type\":\"PropertyValueSpecification\",\"valueRequired\":true,\"valueName\":\"search_term_string\"}}],\"inLanguage\":\"tr\"},{\"@type\":\"Organization\",\"@id\":\"https:\/\/beyzaorme.com\/#organization\",\"name\":\"Beyza \u00d6rme Kuma\u015f\",\"url\":\"https:\/\/beyzaorme.com\/\",\"logo\":{\"@type\":\"ImageObject\",\"inLanguage\":\"tr\",\"@id\":\"https:\/\/beyzaorme.com\/#\/schema\/logo\/image\/\",\"url\":\"https:\/\/beyzaorme.com\/wp-content\/uploads\/2020\/02\/logo-1-e1580657370680.jpg\",\"contentUrl\":\"https:\/\/beyzaorme.com\/wp-content\/uploads\/2020\/02\/logo-1-e1580657370680.jpg\",\"width\":277,\"height\":100,\"caption\":\"Beyza \u00d6rme Kuma\u015f\"},\"image\":{\"@id\":\"https:\/\/beyzaorme.com\/#\/schema\/logo\/image\/\"},\"sameAs\":[\"https:\/\/www.facebook.com\/beyzaorme\",\"https:\/\/x.com\/beyzaorme\",\"https:\/\/www.instagram.com\/beyzaorme\",\"https:\/\/www.linkedin.com\/company\/beyzaorme\"]}]}<\/script>\n<!-- \/ Yoast SEO plugin. -->","yoast_head_json":{"title":"\u00dcr\u00fcnler - Beyza &Ouml;rme Kuma\u015f","robots":{"index":"index","follow":"follow","max-snippet":"max-snippet:-1","max-image-preview":"max-image-preview:large","max-video-preview":"max-video-preview:-1"},"canonical":"https:\/\/beyzaorme.com\/index.php\/urunler\/","og_locale":"tr_TR","og_type":"article","og_title":"\u00dcr\u00fcnler - Beyza &Ouml;rme Kuma\u015f","og_url":"https:\/\/beyzaorme.com\/index.php\/urunler\/","og_site_name":"Beyza &Ouml;rme Kuma\u015f","article_publisher":"https:\/\/www.facebook.com\/beyzaorme","article_modified_time":"2020-03-30T10:34:09+00:00","twitter_card":"summary_large_image","twitter_site":"@beyzaorme","schema":{"@context":"https:\/\/schema.org","@graph":[{"@type":"WebPage","@id":"https:\/\/beyzaorme.com\/index.php\/urunler\/","url":"https:\/\/beyzaorme.com\/index.php\/urunler\/","name":"\u00dcr\u00fcnler - Beyza &Ouml;rme Kuma\u015f","isPartOf":{"@id":"https:\/\/beyzaorme.com\/#website"},"datePublished":"2019-01-25T16:03:32+00:00","dateModified":"2020-03-30T10:34:09+00:00","breadcrumb":{"@id":"https:\/\/beyzaorme.com\/index.php\/urunler\/#breadcrumb"},"inLanguage":"tr","potentialAction":[{"@type":"ReadAction","target":["https:\/\/beyzaorme.com\/index.php\/urunler\/"]}]},{"@type":"BreadcrumbList","@id":"https:\/\/beyzaorme.com\/index.php\/urunler\/#breadcrumb","itemListElement":[{"@type":"ListItem","position":1,"name":"Ana sayfa","item":"https:\/\/beyzaorme.com\/"},{"@type":"ListItem","position":2,"name":"\u00dcr\u00fcnler"}]},{"@type":"WebSite","@id":"https:\/\/beyzaorme.com\/#website","url":"https:\/\/beyzaorme.com\/","name":"Beyza \u00d6rme Kuma\u015f","description":"","publisher":{"@id":"https:\/\/beyzaorme.com\/#organization"},"potentialAction":[{"@type":"SearchAction","target":{"@type":"EntryPoint","urlTemplate":"https:\/\/beyzaorme.com\/?s={search_term_string}"},"query-input":{"@type":"PropertyValueSpecification","valueRequired":true,"valueName":"search_term_string"}}],"inLanguage":"tr"},{"@type":"Organization","@id":"https:\/\/beyzaorme.com\/#organization","name":"Beyza \u00d6rme Kuma\u015f","url":"https:\/\/beyzaorme.com\/","logo":{"@type":"ImageObject","inLanguage":"tr","@id":"https:\/\/beyzaorme.com\/#\/schema\/logo\/image\/","url":"https:\/\/beyzaorme.com\/wp-content\/uploads\/2020\/02\/logo-1-e1580657370680.jpg","contentUrl":"https:\/\/beyzaorme.com\/wp-content\/uploads\/2020\/02\/logo-1-e1580657370680.jpg","width":277,"height":100,"caption":"Beyza \u00d6rme Kuma\u015f"},"image":{"@id":"https:\/\/beyzaorme.com\/#\/schema\/logo\/image\/"},"sameAs":["https:\/\/www.facebook.com\/beyzaorme","https:\/\/x.com\/beyzaorme","https:\/\/www.instagram.com\/beyzaorme","https:\/\/www.linkedin.com\/company\/beyzaorme"]}]}},"_links":{"self":[{"href":"https:\/\/beyzaorme.com\/index.php\/wp-json\/wp\/v2\/pages\/47","targetHints":{"allow":["GET"]}}],"collection":[{"href":"https:\/\/beyzaorme.com\/index.php\/wp-json\/wp\/v2\/pages"}],"about":[{"href":"https:\/\/beyzaorme.com\/index.php\/wp-json\/wp\/v2\/types\/page"}],"author":[{"embeddable":true,"href":"https:\/\/beyzaorme.com\/index.php\/wp-json\/wp\/v2\/users\/1"}],"replies":[{"embeddable":true,"href":"https:\/\/beyzaorme.com\/index.php\/wp-json\/wp\/v2\/comments?post=47"}],"version-history":[{"count":2,"href":"https:\/\/beyzaorme.com\/index.php\/wp-json\/wp\/v2\/pages\/47\/revisions"}],"predecessor-version":[{"id":109,"href":"https:\/\/beyzaorme.com\/index.php\/wp-json\/wp\/v2\/pages\/47\/revisions\/109"}],"wp:attachment":[{"href":"https:\/\/beyzaorme.com\/index.php\/wp-json\/wp\/v2\/media?parent=47"}],"curies":[{"name":"wp","href":"https:\/\/api.w.org\/{rel}","templated":true}]}}