{"id":211,"date":"2020-05-30T09:16:37","date_gmt":"2020-05-30T09:16:37","guid":{"rendered":"http:\/\/beyzaorme.com\/?post_type=product&#038;p=211"},"modified":"2025-12-06T15:48:06","modified_gmt":"2025-12-06T15:48:06","slug":"30-70-10-penye-uc-iplik","status":"publish","type":"product","link":"https:\/\/beyzaorme.com\/index.php\/urun\/30-70-10-penye-uc-iplik\/","title":{"rendered":"30\/70\/10 Penye \u00dc\u00e7 \u0130plik"},"content":{"rendered":"<ul>\n<li>Kuma\u015f Tipi : 30\/70\/10 Penye \u00dc\u00e7 \u0130plik<\/li>\n<li>\u00d6zellik : \u0130ste\u011fe g\u00f6re \u015fardonlu veya \u015fardonsuz<\/li>\n<li>Gramaj : 300-320 gr\/m2<\/li>\n<li>En : 185 cm<\/li>\n<li>Kompozisyon : %65 Pamuk %35 Polyester<\/li>\n<li>Her top yakla\u015f\u0131k 25 kg gelmektedir. Girdi\u011finiz sipari\u015f 25 kg ve katlar\u0131 \u015feklinde olmas\u0131 gerekmektedir.<\/li>\n<\/ul>\n","protected":false},"excerpt":{"rendered":"<p>Kuma\u015f Tipi : 30\/70\/10 Penye \u00dc\u00e7 \u0130plik \u00d6zellik : \u0130ste\u011fe g\u00f6re \u015fardonlu veya \u015fardonsuz Gramaj : 300-320 gr\/m2 En : 185 cm Kompozisyon : %65 Pamuk<span class=\"excerpt-hellip\"> [\u2026]<\/span><\/p>\n","protected":false},"featured_media":67,"comment_status":"open","ping_status":"closed","template":"","meta":{"rs_blank_template":"","rs_page_bg_color":"","slide_template_v7":""},"product_brand":[],"product_cat":[28],"product_tag":[],"class_list":{"0":"post-211","1":"product","2":"type-product","3":"status-publish","4":"has-post-thumbnail","6":"product_cat-uc-iplik","8":"first","9":"instock","10":"taxable","11":"shipping-taxable","12":"purchasable","13":"product-type-variable"},"yoast_head":"<!-- This site is optimized with the Yoast SEO plugin v27.2 - https:\/\/yoast.com\/product\/yoast-seo-wordpress\/ -->\n<title>30\/70\/10 Penye \u00dc\u00e7 \u0130plik - Beyza &Ouml;rme Kuma\u015f<\/title>\n<meta name=\"robots\" content=\"index, follow, max-snippet:-1, max-image-preview:large, max-video-preview:-1\" \/>\n<link rel=\"canonical\" href=\"https:\/\/beyzaorme.com\/index.php\/urun\/30-70-10-penye-uc-iplik\/\" \/>\n<meta property=\"og:locale\" content=\"tr_TR\" \/>\n<meta property=\"og:type\" content=\"article\" \/>\n<meta property=\"og:title\" content=\"30\/70\/10 Penye \u00dc\u00e7 \u0130plik - Beyza &Ouml;rme Kuma\u015f\" \/>\n<meta property=\"og:description\" content=\"Kuma\u015f Tipi : 30\/70\/10 Penye \u00dc\u00e7 \u0130plik \u00d6zellik : \u0130ste\u011fe g\u00f6re \u015fardonlu veya \u015fardonsuz Gramaj : 300-320 gr\/m2 En : 185 cm Kompozisyon : %65 Pamuk [\u2026]\" \/>\n<meta property=\"og:url\" content=\"https:\/\/beyzaorme.com\/index.php\/urun\/30-70-10-penye-uc-iplik\/\" \/>\n<meta property=\"og:site_name\" content=\"Beyza &Ouml;rme Kuma\u015f\" \/>\n<meta property=\"article:publisher\" content=\"https:\/\/www.facebook.com\/beyzaorme\" \/>\n<meta property=\"article:modified_time\" content=\"2025-12-06T15:48:06+00:00\" \/>\n<meta property=\"og:image\" content=\"https:\/\/beyzaorme.com\/wp-content\/uploads\/2020\/02\/pfrench-300x300-1.jpg\" \/>\n\t<meta property=\"og:image:width\" content=\"300\" \/>\n\t<meta property=\"og:image:height\" content=\"300\" \/>\n\t<meta property=\"og:image:type\" content=\"image\/jpeg\" \/>\n<meta name=\"twitter:card\" content=\"summary_large_image\" \/>\n<meta name=\"twitter:site\" content=\"@beyzaorme\" \/>\n<script type=\"application\/ld+json\" class=\"yoast-schema-graph\">{\"@context\":\"https:\/\/schema.org\",\"@graph\":[{\"@type\":\"WebPage\",\"@id\":\"https:\/\/beyzaorme.com\/index.php\/urun\/30-70-10-penye-uc-iplik\/\",\"url\":\"https:\/\/beyzaorme.com\/index.php\/urun\/30-70-10-penye-uc-iplik\/\",\"name\":\"30\/70\/10 Penye \u00dc\u00e7 \u0130plik - Beyza &Ouml;rme Kuma\u015f\",\"isPartOf\":{\"@id\":\"https:\/\/beyzaorme.com\/#website\"},\"primaryImageOfPage\":{\"@id\":\"https:\/\/beyzaorme.com\/index.php\/urun\/30-70-10-penye-uc-iplik\/#primaryimage\"},\"image\":{\"@id\":\"https:\/\/beyzaorme.com\/index.php\/urun\/30-70-10-penye-uc-iplik\/#primaryimage\"},\"thumbnailUrl\":\"https:\/\/beyzaorme.com\/wp-content\/uploads\/2020\/02\/pfrench-300x300-1.jpg\",\"datePublished\":\"2020-05-30T09:16:37+00:00\",\"dateModified\":\"2025-12-06T15:48:06+00:00\",\"breadcrumb\":{\"@id\":\"https:\/\/beyzaorme.com\/index.php\/urun\/30-70-10-penye-uc-iplik\/#breadcrumb\"},\"inLanguage\":\"tr\",\"potentialAction\":[{\"@type\":\"ReadAction\",\"target\":[\"https:\/\/beyzaorme.com\/index.php\/urun\/30-70-10-penye-uc-iplik\/\"]}]},{\"@type\":\"ImageObject\",\"inLanguage\":\"tr\",\"@id\":\"https:\/\/beyzaorme.com\/index.php\/urun\/30-70-10-penye-uc-iplik\/#primaryimage\",\"url\":\"https:\/\/beyzaorme.com\/wp-content\/uploads\/2020\/02\/pfrench-300x300-1.jpg\",\"contentUrl\":\"https:\/\/beyzaorme.com\/wp-content\/uploads\/2020\/02\/pfrench-300x300-1.jpg\",\"width\":300,\"height\":300},{\"@type\":\"BreadcrumbList\",\"@id\":\"https:\/\/beyzaorme.com\/index.php\/urun\/30-70-10-penye-uc-iplik\/#breadcrumb\",\"itemListElement\":[{\"@type\":\"ListItem\",\"position\":1,\"name\":\"Ana sayfa\",\"item\":\"https:\/\/beyzaorme.com\/\"},{\"@type\":\"ListItem\",\"position\":2,\"name\":\"Ma\u011faza\",\"item\":\"https:\/\/beyzaorme.com\/index.php\/magaza\/\"},{\"@type\":\"ListItem\",\"position\":3,\"name\":\"30\/70\/10 Penye \u00dc\u00e7 \u0130plik\"}]},{\"@type\":\"WebSite\",\"@id\":\"https:\/\/beyzaorme.com\/#website\",\"url\":\"https:\/\/beyzaorme.com\/\",\"name\":\"Beyza \u00d6rme Kuma\u015f\",\"description\":\"\",\"publisher\":{\"@id\":\"https:\/\/beyzaorme.com\/#organization\"},\"potentialAction\":[{\"@type\":\"SearchAction\",\"target\":{\"@type\":\"EntryPoint\",\"urlTemplate\":\"https:\/\/beyzaorme.com\/?s={search_term_string}\"},\"query-input\":{\"@type\":\"PropertyValueSpecification\",\"valueRequired\":true,\"valueName\":\"search_term_string\"}}],\"inLanguage\":\"tr\"},{\"@type\":\"Organization\",\"@id\":\"https:\/\/beyzaorme.com\/#organization\",\"name\":\"Beyza \u00d6rme Kuma\u015f\",\"url\":\"https:\/\/beyzaorme.com\/\",\"logo\":{\"@type\":\"ImageObject\",\"inLanguage\":\"tr\",\"@id\":\"https:\/\/beyzaorme.com\/#\/schema\/logo\/image\/\",\"url\":\"https:\/\/beyzaorme.com\/wp-content\/uploads\/2020\/02\/logo-1-e1580657370680.jpg\",\"contentUrl\":\"https:\/\/beyzaorme.com\/wp-content\/uploads\/2020\/02\/logo-1-e1580657370680.jpg\",\"width\":277,\"height\":100,\"caption\":\"Beyza \u00d6rme Kuma\u015f\"},\"image\":{\"@id\":\"https:\/\/beyzaorme.com\/#\/schema\/logo\/image\/\"},\"sameAs\":[\"https:\/\/www.facebook.com\/beyzaorme\",\"https:\/\/x.com\/beyzaorme\",\"https:\/\/www.instagram.com\/beyzaorme\",\"https:\/\/www.linkedin.com\/company\/beyzaorme\"]}]}<\/script>\n<!-- \/ Yoast SEO plugin. -->","yoast_head_json":{"title":"30\/70\/10 Penye \u00dc\u00e7 \u0130plik - Beyza &Ouml;rme Kuma\u015f","robots":{"index":"index","follow":"follow","max-snippet":"max-snippet:-1","max-image-preview":"max-image-preview:large","max-video-preview":"max-video-preview:-1"},"canonical":"https:\/\/beyzaorme.com\/index.php\/urun\/30-70-10-penye-uc-iplik\/","og_locale":"tr_TR","og_type":"article","og_title":"30\/70\/10 Penye \u00dc\u00e7 \u0130plik - Beyza &Ouml;rme Kuma\u015f","og_description":"Kuma\u015f Tipi : 30\/70\/10 Penye \u00dc\u00e7 \u0130plik \u00d6zellik : \u0130ste\u011fe g\u00f6re \u015fardonlu veya \u015fardonsuz Gramaj : 300-320 gr\/m2 En : 185 cm Kompozisyon : %65 Pamuk [\u2026]","og_url":"https:\/\/beyzaorme.com\/index.php\/urun\/30-70-10-penye-uc-iplik\/","og_site_name":"Beyza &Ouml;rme Kuma\u015f","article_publisher":"https:\/\/www.facebook.com\/beyzaorme","article_modified_time":"2025-12-06T15:48:06+00:00","og_image":[{"width":300,"height":300,"url":"https:\/\/beyzaorme.com\/wp-content\/uploads\/2020\/02\/pfrench-300x300-1.jpg","type":"image\/jpeg"}],"twitter_card":"summary_large_image","twitter_site":"@beyzaorme","schema":{"@context":"https:\/\/schema.org","@graph":[{"@type":"WebPage","@id":"https:\/\/beyzaorme.com\/index.php\/urun\/30-70-10-penye-uc-iplik\/","url":"https:\/\/beyzaorme.com\/index.php\/urun\/30-70-10-penye-uc-iplik\/","name":"30\/70\/10 Penye \u00dc\u00e7 \u0130plik - Beyza &Ouml;rme Kuma\u015f","isPartOf":{"@id":"https:\/\/beyzaorme.com\/#website"},"primaryImageOfPage":{"@id":"https:\/\/beyzaorme.com\/index.php\/urun\/30-70-10-penye-uc-iplik\/#primaryimage"},"image":{"@id":"https:\/\/beyzaorme.com\/index.php\/urun\/30-70-10-penye-uc-iplik\/#primaryimage"},"thumbnailUrl":"https:\/\/beyzaorme.com\/wp-content\/uploads\/2020\/02\/pfrench-300x300-1.jpg","datePublished":"2020-05-30T09:16:37+00:00","dateModified":"2025-12-06T15:48:06+00:00","breadcrumb":{"@id":"https:\/\/beyzaorme.com\/index.php\/urun\/30-70-10-penye-uc-iplik\/#breadcrumb"},"inLanguage":"tr","potentialAction":[{"@type":"ReadAction","target":["https:\/\/beyzaorme.com\/index.php\/urun\/30-70-10-penye-uc-iplik\/"]}]},{"@type":"ImageObject","inLanguage":"tr","@id":"https:\/\/beyzaorme.com\/index.php\/urun\/30-70-10-penye-uc-iplik\/#primaryimage","url":"https:\/\/beyzaorme.com\/wp-content\/uploads\/2020\/02\/pfrench-300x300-1.jpg","contentUrl":"https:\/\/beyzaorme.com\/wp-content\/uploads\/2020\/02\/pfrench-300x300-1.jpg","width":300,"height":300},{"@type":"BreadcrumbList","@id":"https:\/\/beyzaorme.com\/index.php\/urun\/30-70-10-penye-uc-iplik\/#breadcrumb","itemListElement":[{"@type":"ListItem","position":1,"name":"Ana sayfa","item":"https:\/\/beyzaorme.com\/"},{"@type":"ListItem","position":2,"name":"Ma\u011faza","item":"https:\/\/beyzaorme.com\/index.php\/magaza\/"},{"@type":"ListItem","position":3,"name":"30\/70\/10 Penye \u00dc\u00e7 \u0130plik"}]},{"@type":"WebSite","@id":"https:\/\/beyzaorme.com\/#website","url":"https:\/\/beyzaorme.com\/","name":"Beyza \u00d6rme Kuma\u015f","description":"","publisher":{"@id":"https:\/\/beyzaorme.com\/#organization"},"potentialAction":[{"@type":"SearchAction","target":{"@type":"EntryPoint","urlTemplate":"https:\/\/beyzaorme.com\/?s={search_term_string}"},"query-input":{"@type":"PropertyValueSpecification","valueRequired":true,"valueName":"search_term_string"}}],"inLanguage":"tr"},{"@type":"Organization","@id":"https:\/\/beyzaorme.com\/#organization","name":"Beyza \u00d6rme Kuma\u015f","url":"https:\/\/beyzaorme.com\/","logo":{"@type":"ImageObject","inLanguage":"tr","@id":"https:\/\/beyzaorme.com\/#\/schema\/logo\/image\/","url":"https:\/\/beyzaorme.com\/wp-content\/uploads\/2020\/02\/logo-1-e1580657370680.jpg","contentUrl":"https:\/\/beyzaorme.com\/wp-content\/uploads\/2020\/02\/logo-1-e1580657370680.jpg","width":277,"height":100,"caption":"Beyza \u00d6rme Kuma\u015f"},"image":{"@id":"https:\/\/beyzaorme.com\/#\/schema\/logo\/image\/"},"sameAs":["https:\/\/www.facebook.com\/beyzaorme","https:\/\/x.com\/beyzaorme","https:\/\/www.instagram.com\/beyzaorme","https:\/\/www.linkedin.com\/company\/beyzaorme"]}]}},"_links":{"self":[{"href":"https:\/\/beyzaorme.com\/index.php\/wp-json\/wp\/v2\/product\/211","targetHints":{"allow":["GET"]}}],"collection":[{"href":"https:\/\/beyzaorme.com\/index.php\/wp-json\/wp\/v2\/product"}],"about":[{"href":"https:\/\/beyzaorme.com\/index.php\/wp-json\/wp\/v2\/types\/product"}],"replies":[{"embeddable":true,"href":"https:\/\/beyzaorme.com\/index.php\/wp-json\/wp\/v2\/comments?post=211"}],"wp:featuredmedia":[{"embeddable":true,"href":"https:\/\/beyzaorme.com\/index.php\/wp-json\/wp\/v2\/media\/67"}],"wp:attachment":[{"href":"https:\/\/beyzaorme.com\/index.php\/wp-json\/wp\/v2\/media?parent=211"}],"wp:term":[{"taxonomy":"product_brand","embeddable":true,"href":"https:\/\/beyzaorme.com\/index.php\/wp-json\/wp\/v2\/product_brand?post=211"},{"taxonomy":"product_cat","embeddable":true,"href":"https:\/\/beyzaorme.com\/index.php\/wp-json\/wp\/v2\/product_cat?post=211"},{"taxonomy":"product_tag","embeddable":true,"href":"https:\/\/beyzaorme.com\/index.php\/wp-json\/wp\/v2\/product_tag?post=211"}],"curies":[{"name":"wp","href":"https:\/\/api.w.org\/{rel}","templated":true}]}}